{"id":9,"date":"2020-11-22T22:01:38","date_gmt":"2020-11-22T22:01:38","guid":{"rendered":"https:\/\/kaeferin.de\/?page_id=9"},"modified":"2022-03-03T18:50:09","modified_gmt":"2022-03-03T18:50:09","slug":"kontakt","status":"publish","type":"page","link":"https:\/\/kaeferin.de\/?page_id=9","title":{"rendered":"Kontakt"},"content":{"rendered":"\n<div class=\"wp-block-contact-form-7-contact-form-selector\">\n<div class=\"wpcf7 no-js\" id=\"wpcf7-f4-o1\" lang=\"de-DE\" dir=\"ltr\">\n<div class=\"screen-reader-response\"><p role=\"status\" aria-live=\"polite\" aria-atomic=\"true\"><\/p> <ul><\/ul><\/div>\n<form action=\"\/index.php?rest_route=%2Fwp%2Fv2%2Fpages%2F9#wpcf7-f4-o1\" method=\"post\" class=\"wpcf7-form init\" aria-label=\"Kontaktformular\" novalidate=\"novalidate\" data-status=\"init\">\n<div style=\"display: none;\">\n<input type=\"hidden\" name=\"_wpcf7\" value=\"4\" \/>\n<input type=\"hidden\" name=\"_wpcf7_version\" value=\"5.7.7\" \/>\n<input type=\"hidden\" name=\"_wpcf7_locale\" value=\"de_DE\" \/>\n<input type=\"hidden\" name=\"_wpcf7_unit_tag\" value=\"wpcf7-f4-o1\" \/>\n<input type=\"hidden\" name=\"_wpcf7_container_post\" value=\"0\" \/>\n<input type=\"hidden\" name=\"_wpcf7_posted_data_hash\" value=\"\" \/>\n<\/div>\n<p><label> Ihr Name<br \/>\n<span class=\"wpcf7-form-control-wrap\" data-name=\"your-name\"><input size=\"40\" class=\"wpcf7-form-control wpcf7-text wpcf7-validates-as-required\" aria-required=\"true\" aria-invalid=\"false\" value=\"\" type=\"text\" name=\"your-name\" \/><\/span> <\/label>\n<\/p>\n<p><label> Ihre eMail<br \/>\n<span class=\"wpcf7-form-control-wrap\" data-name=\"your-email\"><input size=\"40\" class=\"wpcf7-form-control wpcf7-text wpcf7-email wpcf7-validates-as-required wpcf7-validates-as-email\" aria-required=\"true\" aria-invalid=\"false\" value=\"\" type=\"email\" name=\"your-email\" \/><\/span> <\/label>\n<\/p>\n<p><label> Betrifft...<br \/>\n<span class=\"wpcf7-form-control-wrap\" data-name=\"your-subject\"><input size=\"40\" class=\"wpcf7-form-control wpcf7-text wpcf7-validates-as-required\" aria-required=\"true\" aria-invalid=\"false\" value=\"\" type=\"text\" name=\"your-subject\" \/><\/span> <\/label>\n<\/p>\n<p><label> Ihre Nachricht an mich<br \/>\n<span class=\"wpcf7-form-control-wrap\" data-name=\"your-message\"><textarea cols=\"40\" rows=\"10\" class=\"wpcf7-form-control wpcf7-textarea\" aria-invalid=\"false\" name=\"your-message\"><\/textarea><\/span> <\/label>\n<\/p>\n<p><input class=\"wpcf7-form-control has-spinner wpcf7-submit\" type=\"submit\" value=\"Submit\" \/>\n<\/p><p style=\"display: none !important;\" class=\"akismet-fields-container\" data-prefix=\"_wpcf7_ak_\"><label>&#916;<textarea name=\"_wpcf7_ak_hp_textarea\" cols=\"45\" rows=\"8\" maxlength=\"100\"><\/textarea><\/label><input type=\"hidden\" id=\"ak_js_1\" name=\"_wpcf7_ak_js\" value=\"222\"\/><script>document.getElementById( \"ak_js_1\" ).setAttribute( \"value\", ( new Date() ).getTime() );<\/script><\/p><div class=\"wpcf7-response-output\" aria-hidden=\"true\"><\/div>\n<\/form>\n<\/div>\n<\/div>\n\n\n\n<p><\/p>\n\n\n\n<p><strong>Impressum<\/strong><\/p>\n\n\n\n<p><strong>Die folgenden Angaben basieren auf den Vorgaben in \u00a7 5 TMG:<\/strong><\/p>\n\n\n\n<p>Julia Burkhardt<br>Hauptstr. 27<br>48346 Ostbevern<\/p>\n\n\n\n<p><strong>Kontakt:<\/strong><\/p>\n\n\n\n<p>E-Mail: info@kaeferin.de<\/p>\n\n\n\n<p><strong>Haftung f\u00fcr und \u00dcberpr\u00fcfung von Inhalten:<\/strong><\/p>\n\n\n\n<p>Durch die Vorgaben in \u00a7 7 Absatz 1 TMG bin ich als Webmaster f\u00fcr die Inhalte meines Blogs verantwortlich. Gleichzeitig befreien mich \u00a7\u00a7 8 bis einschlie\u00dflich \u00a7 10 TMG von der Verantwortung, \u00fcbermittelte oder gespeicherte fremde Inhalte zu \u00fcberwachen. Trotzdem bin ich mir meiner Pflicht bewusst, der Sperrung und Entfernung von Informationen nachzukommen, wie es geltende Gesetze vorgeben.<\/p>\n\n\n\n<p><\/p>\n\n\n\n<h2 class=\"wp-block-heading\">Cookies und Meldungen zu Zugriffszahlen<\/h2>\n\n\n\n<p>Wir setzen \u201eSession-Cookies\u201c der VG Wort, M\u00fcnchen, zur Messung von Zugriffen auf Texten ein, um die Kopierwahrscheinlichkeit zu erfassen. Session-Cookies sind kleine Informationseinheiten, die ein Anbieter im Arbeitsspeicher des Computers des Besuchers speichert. In einem Session-Cookie wird eine zuf\u00e4llig erzeugte eindeutige Identifikationsnummer abgelegt, eine sogenannte Session-ID. Au\u00dferdem enth\u00e4lt ein Cookie die Angabe \u00fcber seine Herkunft und die Speicherfrist. Session-Cookies k\u00f6nnen keine anderen Daten speichern. Diese Messungen werden von der Kantar Germany GmbH nach dem Skalierbaren Zentralen Messverfahren (SZM) durchgef\u00fchrt. Sie helfen dabei, die Kopierwahrscheinlichkeit einzelner Texte zur Verg\u00fctung von gesetzlichen Anspr\u00fcchen von Autoren und Verlagen zu ermitteln. Wir erfassen keine personenbezogenen Daten \u00fcber Cookies.<\/p>\n\n\n\n<p>Viele unserer Seiten sind mit JavaScript-Aufrufen versehen, \u00fcber die wir die Zugriffe an die Verwertungsgesellschaft Wort (VG Wort) melden.\u00a0Wir erm\u00f6glichen damit, dass unsere Autoren an den Aussch\u00fcttungen der VG Wort partizipieren, die die gesetzliche Verg\u00fctung f\u00fcr die Nutzungen urheberrechtlich gesch\u00fctzter Werke gem. \u00a7 53 UrhG sicherstellen.<\/p>\n\n\n\n<p>Eine Nutzung unserer Angebote ist auch ohne Cookies m\u00f6glich. Die meisten Browser sind so eingestellt, dass sie Cookies automatisch akzeptieren. Sie k\u00f6nnen das Speichern von Cookies jedoch deaktivieren oder Ihren Browser so einstellen, dass er Sie benachrichtigt, sobald Cookies gesendet werden.<\/p>\n\n\n\n<h2 class=\"wp-block-heading\">Datenschutzerkl\u00e4rung zur Nutzung des Skalierbaren Zentralen Messverfahrens<\/h2>\n\n\n\n<p>Unsere Website und unser mobiles Webangebot nutzen das \u201eSkalierbare Zentrale Messverfahren\u201c (SZM) der Kantar Germany GmbH f\u00fcr die Ermittlung statistischer Kennwerte zur Ermittlung der Kopierwahrscheinlichkeit von Texten.<\/p>\n\n\n\n<p>Dabei werden anonyme Messwerte erhoben. Die Zugriffszahlenmessung verwendet zur Wiedererkennung von Computersystemen alternativ ein Session-Cookie oder eine Signatur, die aus verschiedenen automatisch \u00fcbertragenen Informationen Ihres Browsers erstellt wird. IP-Adressen werden nur in anonymisierter Form verarbeitet.<\/p>\n\n\n\n<p>Das Verfahren wurde unter der Beachtung des Datenschutzes entwickelt. Einziges Ziel des Verfahrens ist es, die Kopierwahrscheinlichkeit einzelner Texte zu ermitteln.<\/p>\n\n\n\n<p>Zu keinem Zeitpunkt werden einzelne Nutzer identifiziert. Ihre Identit\u00e4t bleibt immer gesch\u00fctzt. Sie erhalten \u00fcber das System keine Werbung.<\/p>\n","protected":false},"excerpt":{"rendered":"<p>Impressum Die folgenden Angaben basieren auf den Vorgaben in \u00a7 5 TMG: Julia BurkhardtHauptstr. 2748346 Ostbevern Kontakt: E-Mail: info@kaeferin.de Haftung f\u00fcr und \u00dcberpr\u00fcfung von Inhalten: Durch die Vorgaben in \u00a7 7 Absatz 1 TMG bin ich als Webmaster f\u00fcr die Inhalte meines Blogs verantwortlich. Gleichzeitig befreien mich \u00a7\u00a7 8 bis einschlie\u00dflich \u00a7 10 TMG von [&hellip;]<\/p>\n","protected":false},"author":1,"featured_media":0,"parent":0,"menu_order":0,"comment_status":"closed","ping_status":"closed","template":"","meta":{"footnotes":""},"yoast_head":"<!-- This site is optimized with the Yoast SEO plugin v21.1 - https:\/\/yoast.com\/wordpress\/plugins\/seo\/ -->\n<title>Kontakt - Die K\u00e4ferin<\/title>\n<meta name=\"description\" content=\"Kontakt\" \/>\n<meta name=\"robots\" content=\"index, follow, max-snippet:-1, max-image-preview:large, max-video-preview:-1\" \/>\n<link rel=\"canonical\" href=\"https:\/\/kaeferin.de\/?page_id=9\" \/>\n<meta property=\"og:locale\" content=\"de_DE\" \/>\n<meta property=\"og:type\" content=\"article\" \/>\n<meta property=\"og:title\" content=\"Kontakt - Die K\u00e4ferin\" \/>\n<meta property=\"og:description\" content=\"Kontakt\" \/>\n<meta property=\"og:url\" content=\"https:\/\/kaeferin.de\/?page_id=9\" \/>\n<meta property=\"og:site_name\" content=\"Die K\u00e4ferin\" \/>\n<meta property=\"article:modified_time\" content=\"2022-03-03T18:50:09+00:00\" \/>\n<meta name=\"twitter:card\" content=\"summary_large_image\" \/>\n<meta name=\"twitter:site\" content=\"@diekaeferin\" \/>\n<meta name=\"twitter:label1\" content=\"Gesch\u00e4tzte Lesezeit\" \/>\n\t<meta name=\"twitter:data1\" content=\"3\u00a0Minuten\" \/>\n<script type=\"application\/ld+json\" class=\"yoast-schema-graph\">{\"@context\":\"https:\/\/schema.org\",\"@graph\":[{\"@type\":\"WebPage\",\"@id\":\"https:\/\/kaeferin.de\/?page_id=9\",\"url\":\"https:\/\/kaeferin.de\/?page_id=9\",\"name\":\"Kontakt - Die K\u00e4ferin\",\"isPartOf\":{\"@id\":\"https:\/\/kaeferin.de\/#website\"},\"datePublished\":\"2020-11-22T22:01:38+00:00\",\"dateModified\":\"2022-03-03T18:50:09+00:00\",\"description\":\"Kontakt\",\"breadcrumb\":{\"@id\":\"https:\/\/kaeferin.de\/?page_id=9#breadcrumb\"},\"inLanguage\":\"de\",\"potentialAction\":[{\"@type\":\"ReadAction\",\"target\":[\"https:\/\/kaeferin.de\/?page_id=9\"]}]},{\"@type\":\"BreadcrumbList\",\"@id\":\"https:\/\/kaeferin.de\/?page_id=9#breadcrumb\",\"itemListElement\":[{\"@type\":\"ListItem\",\"position\":1,\"name\":\"Home\",\"item\":\"https:\/\/kaeferin.de\/\"},{\"@type\":\"ListItem\",\"position\":2,\"name\":\"Kontakt\"}]},{\"@type\":\"WebSite\",\"@id\":\"https:\/\/kaeferin.de\/#website\",\"url\":\"https:\/\/kaeferin.de\/\",\"name\":\"Die K\u00e4ferin\",\"description\":\"Writing Service\",\"publisher\":{\"@id\":\"https:\/\/kaeferin.de\/#\/schema\/person\/ac575b95d043f776fe20d239f09e905b\"},\"potentialAction\":[{\"@type\":\"SearchAction\",\"target\":{\"@type\":\"EntryPoint\",\"urlTemplate\":\"https:\/\/kaeferin.de\/?s={search_term_string}\"},\"query-input\":\"required name=search_term_string\"}],\"inLanguage\":\"de\"},{\"@type\":[\"Person\",\"Organization\"],\"@id\":\"https:\/\/kaeferin.de\/#\/schema\/person\/ac575b95d043f776fe20d239f09e905b\",\"name\":\"Julia\",\"image\":{\"@type\":\"ImageObject\",\"inLanguage\":\"de\",\"@id\":\"https:\/\/kaeferin.de\/#\/schema\/person\/image\/\",\"url\":\"https:\/\/kaeferin.de\/wp-content\/uploads\/2022\/03\/Mathe-150-\u00d7-150-px.png\",\"contentUrl\":\"https:\/\/kaeferin.de\/wp-content\/uploads\/2022\/03\/Mathe-150-\u00d7-150-px.png\",\"width\":150,\"height\":150,\"caption\":\"Julia\"},\"logo\":{\"@id\":\"https:\/\/kaeferin.de\/#\/schema\/person\/image\/\"},\"sameAs\":[\"https:\/\/kaeferin.de\",\"https:\/\/twitter.com\/diekaeferin\"]}]}<\/script>\n<!-- \/ Yoast SEO plugin. -->","yoast_head_json":{"title":"Kontakt - Die K\u00e4ferin","description":"Kontakt","robots":{"index":"index","follow":"follow","max-snippet":"max-snippet:-1","max-image-preview":"max-image-preview:large","max-video-preview":"max-video-preview:-1"},"canonical":"https:\/\/kaeferin.de\/?page_id=9","og_locale":"de_DE","og_type":"article","og_title":"Kontakt - Die K\u00e4ferin","og_description":"Kontakt","og_url":"https:\/\/kaeferin.de\/?page_id=9","og_site_name":"Die K\u00e4ferin","article_modified_time":"2022-03-03T18:50:09+00:00","twitter_card":"summary_large_image","twitter_site":"@diekaeferin","twitter_misc":{"Gesch\u00e4tzte Lesezeit":"3\u00a0Minuten"},"schema":{"@context":"https:\/\/schema.org","@graph":[{"@type":"WebPage","@id":"https:\/\/kaeferin.de\/?page_id=9","url":"https:\/\/kaeferin.de\/?page_id=9","name":"Kontakt - Die K\u00e4ferin","isPartOf":{"@id":"https:\/\/kaeferin.de\/#website"},"datePublished":"2020-11-22T22:01:38+00:00","dateModified":"2022-03-03T18:50:09+00:00","description":"Kontakt","breadcrumb":{"@id":"https:\/\/kaeferin.de\/?page_id=9#breadcrumb"},"inLanguage":"de","potentialAction":[{"@type":"ReadAction","target":["https:\/\/kaeferin.de\/?page_id=9"]}]},{"@type":"BreadcrumbList","@id":"https:\/\/kaeferin.de\/?page_id=9#breadcrumb","itemListElement":[{"@type":"ListItem","position":1,"name":"Home","item":"https:\/\/kaeferin.de\/"},{"@type":"ListItem","position":2,"name":"Kontakt"}]},{"@type":"WebSite","@id":"https:\/\/kaeferin.de\/#website","url":"https:\/\/kaeferin.de\/","name":"Die K\u00e4ferin","description":"Writing Service","publisher":{"@id":"https:\/\/kaeferin.de\/#\/schema\/person\/ac575b95d043f776fe20d239f09e905b"},"potentialAction":[{"@type":"SearchAction","target":{"@type":"EntryPoint","urlTemplate":"https:\/\/kaeferin.de\/?s={search_term_string}"},"query-input":"required name=search_term_string"}],"inLanguage":"de"},{"@type":["Person","Organization"],"@id":"https:\/\/kaeferin.de\/#\/schema\/person\/ac575b95d043f776fe20d239f09e905b","name":"Julia","image":{"@type":"ImageObject","inLanguage":"de","@id":"https:\/\/kaeferin.de\/#\/schema\/person\/image\/","url":"https:\/\/kaeferin.de\/wp-content\/uploads\/2022\/03\/Mathe-150-\u00d7-150-px.png","contentUrl":"https:\/\/kaeferin.de\/wp-content\/uploads\/2022\/03\/Mathe-150-\u00d7-150-px.png","width":150,"height":150,"caption":"Julia"},"logo":{"@id":"https:\/\/kaeferin.de\/#\/schema\/person\/image\/"},"sameAs":["https:\/\/kaeferin.de","https:\/\/twitter.com\/diekaeferin"]}]}},"_links":{"self":[{"href":"https:\/\/kaeferin.de\/index.php?rest_route=\/wp\/v2\/pages\/9"}],"collection":[{"href":"https:\/\/kaeferin.de\/index.php?rest_route=\/wp\/v2\/pages"}],"about":[{"href":"https:\/\/kaeferin.de\/index.php?rest_route=\/wp\/v2\/types\/page"}],"author":[{"embeddable":true,"href":"https:\/\/kaeferin.de\/index.php?rest_route=\/wp\/v2\/users\/1"}],"replies":[{"embeddable":true,"href":"https:\/\/kaeferin.de\/index.php?rest_route=%2Fwp%2Fv2%2Fcomments&post=9"}],"version-history":[{"count":4,"href":"https:\/\/kaeferin.de\/index.php?rest_route=\/wp\/v2\/pages\/9\/revisions"}],"predecessor-version":[{"id":139,"href":"https:\/\/kaeferin.de\/index.php?rest_route=\/wp\/v2\/pages\/9\/revisions\/139"}],"wp:attachment":[{"href":"https:\/\/kaeferin.de\/index.php?rest_route=%2Fwp%2Fv2%2Fmedia&parent=9"}],"curies":[{"name":"wp","href":"https:\/\/api.w.org\/{rel}","templated":true}]}}